{"id":41,"date":"2023-04-25T05:30:16","date_gmt":"2023-04-25T05:30:16","guid":{"rendered":"https:\/\/grojecbezhal.com\/?page_id=41"},"modified":"2026-03-08T18:31:44","modified_gmt":"2026-03-08T18:31:44","slug":"o-nas-w-mediach","status":"publish","type":"page","link":"https:\/\/grojecbezhal.com\/index.php\/o-nas-w-mediach\/","title":{"rendered":"O nas w mediach"},"content":{"rendered":"\n<figure class=\"wp-block-video\"><video controls src=\"https:\/\/grojecbezhal.com\/wp-content\/uploads\/2026\/03\/051484848451.mp4\"><\/video><\/figure>\n\n\n\n<figure class=\"wp-block-image size-full\"><a href=\"https:\/\/przelom.pl\/pl\/11_wiadomosci\/69392_wielka-strefa-inwestycyjna-w-grojcu-przeglosowana-protest-mieszkancow-trwa.html\" target=\"_blank\" rel=\"noreferrer noopener\"><img loading=\"lazy\" decoding=\"async\" width=\"732\" height=\"538\" src=\"https:\/\/grojecbezhal.com\/wp-content\/uploads\/2026\/03\/0852528052.jpg\" alt=\"\" class=\"wp-image-391\" srcset=\"https:\/\/grojecbezhal.com\/wp-content\/uploads\/2026\/03\/0852528052.jpg 732w, https:\/\/grojecbezhal.com\/wp-content\/uploads\/2026\/03\/0852528052-300x220.jpg 300w\" sizes=\"(max-width: 732px) 100vw, 732px\" \/><\/a><\/figure>\n\n\n\n<p><a href=\"https:\/\/przelom.pl\/pl\/11_wiadomosci\/69392_wielka-strefa-inwestycyjna-w-grojcu-przeglosowana-protest-mieszkancow-trwa.html\" target=\"_blank\" rel=\"noopener\" title=\"\">https:\/\/przelom.pl\/pl\/11_wiadomosci\/69392_wielka-strefa-inwestycyjna-w-grojcu-przeglosowana-protest-mieszkancow-trwa.html<\/a><\/p>\n\n\n\n<figure class=\"wp-block-image size-full\"><a href=\"https:\/\/gazetakrakowska.pl\/decyzja-zapadla-gigantyczne-centrum-logistyczne-moze-powstac-przy-autostradzie-a4\/ar\/c3p2-28765579\" target=\"_blank\" rel=\"noreferrer noopener\"><img loading=\"lazy\" decoding=\"async\" width=\"667\" height=\"779\" src=\"https:\/\/grojecbezhal.com\/wp-content\/uploads\/2026\/03\/051484848458.jpg\" alt=\"\" class=\"wp-image-390\" srcset=\"https:\/\/grojecbezhal.com\/wp-content\/uploads\/2026\/03\/051484848458.jpg 667w, https:\/\/grojecbezhal.com\/wp-content\/uploads\/2026\/03\/051484848458-257x300.jpg 257w\" sizes=\"(max-width: 667px) 100vw, 667px\" \/><\/a><\/figure>\n\n\n\n<p><a href=\"https:\/\/gazetakrakowska.pl\/decyzja-zapadla-gigantyczne-centrum-logistyczne-moze-powstac-przy-autostradzie-a4\/ar\/c3p2-28765579\" target=\"_blank\" rel=\"noopener\" title=\"\">https:\/\/gazetakrakowska.pl\/decyzja-zapadla-gigantyczne-centrum-logistyczne-moze-powstac-przy-autostradzie-a4\/ar\/c3p2-28765579<\/a><\/p>\n\n\n\n<figure class=\"wp-block-image size-full\"><a href=\"https:\/\/www.radiokrakow.pl\/aktualnosci\/krakow\/gniewosz-plamisty-pomoze-zablokowac-inwestycje-kolo-alwerni-licza-na-to-mieszkancy-grojca\" target=\"_blank\" rel=\"noreferrer noopener\"><img loading=\"lazy\" decoding=\"async\" width=\"874\" height=\"336\" src=\"https:\/\/grojecbezhal.com\/wp-content\/uploads\/2026\/01\/111.jpg\" alt=\"\" class=\"wp-image-369\" srcset=\"https:\/\/grojecbezhal.com\/wp-content\/uploads\/2026\/01\/111.jpg 874w, https:\/\/grojecbezhal.com\/wp-content\/uploads\/2026\/01\/111-300x115.jpg 300w, https:\/\/grojecbezhal.com\/wp-content\/uploads\/2026\/01\/111-768x295.jpg 768w\" sizes=\"(max-width: 874px) 100vw, 874px\" \/><\/a><\/figure>\n\n\n\n<p><a href=\"https:\/\/www.radiokrakow.pl\/aktualnosci\/krakow\/gniewosz-plamisty-pomoze-zablokowac-inwestycje-kolo-alwerni-licza-na-to-mieszkancy-grojca\" target=\"_blank\" rel=\"noopener\" title=\"\">https:\/\/www.radiokrakow.pl\/aktualnosci\/krakow\/gniewosz-plamisty-pomoze-zablokowac-inwestycje-kolo-alwerni-licza-na-to-mieszkancy-grojca<\/a> <\/p>\n\n\n\n<figure class=\"wp-block-image size-full\"><a href=\"https:\/\/krakow.tvp.pl\/90337192\/protest-w-grojcu-mieszkancy-nie-chca-centrum-logistycznego-w-gminie-alwernia\" target=\"_blank\" rel=\"noreferrer noopener\"><img loading=\"lazy\" decoding=\"async\" width=\"626\" height=\"480\" src=\"https:\/\/grojecbezhal.com\/wp-content\/uploads\/2026\/01\/222.jpg\" alt=\"\" class=\"wp-image-370\" srcset=\"https:\/\/grojecbezhal.com\/wp-content\/uploads\/2026\/01\/222.jpg 626w, https:\/\/grojecbezhal.com\/wp-content\/uploads\/2026\/01\/222-300x230.jpg 300w\" sizes=\"(max-width: 626px) 100vw, 626px\" \/><\/a><\/figure>\n\n\n\n<p><a href=\"https:\/\/krakow.tvp.pl\/90337192\/protest-w-grojcu-mieszkancy-nie-chca-centrum-logistycznego-w-gminie-alwernia\" target=\"_blank\" rel=\"noopener\" title=\"\">https:\/\/krakow.tvp.pl\/90337192\/protest-w-grojcu-mieszkancy-nie-chca-centrum-logistycznego-w-gminie-alwernia<\/a><\/p>\n\n\n\n<figure class=\"wp-block-image size-full\"><a href=\"https:\/\/chrzanow.naszemiasto.pl\/gigantyczne-centrum-logistyczne-powstanie-przy-autostradzie-a4-weze-moga-zatrzymac-wielka-inwestycje-mieszkancy-bija-na-alarm\/ar\/c1p2-28231993\" target=\"_blank\" rel=\"noreferrer noopener\"><img loading=\"lazy\" decoding=\"async\" width=\"668\" height=\"655\" src=\"https:\/\/grojecbezhal.com\/wp-content\/uploads\/2026\/01\/333.jpg\" alt=\"\" class=\"wp-image-372\" srcset=\"https:\/\/grojecbezhal.com\/wp-content\/uploads\/2026\/01\/333.jpg 668w, https:\/\/grojecbezhal.com\/wp-content\/uploads\/2026\/01\/333-300x294.jpg 300w\" sizes=\"(max-width: 668px) 100vw, 668px\" \/><\/a><\/figure>\n\n\n\n<p><a href=\"https:\/\/chrzanow.naszemiasto.pl\/gigantyczne-centrum-logistyczne-powstanie-przy-autostradzie-a4-weze-moga-zatrzymac-wielka-inwestycje-mieszkancy-bija-na-alarm\/ar\/c1p2-28231993\" target=\"_blank\" rel=\"noopener\" title=\"\">https:\/\/chrzanow.naszemiasto.pl\/gigantyczne-centrum-logistyczne-powstanie-przy-autostradzie-a4-weze-moga-zatrzymac-wielka-inwestycje-mieszkancy-bija-na-alarm\/ar\/c1p2-28231993<\/a><\/p>\n\n\n\n<figure class=\"wp-block-image size-full\"><a href=\"https:\/\/przelom.pl\/pl\/12_biznes-edukacja\/65967_duza-inwestycja-w-tle-dzieli-mieszkancow-gminy-alwernia-wideo.html\" target=\"_blank\" rel=\"noreferrer noopener\"><img loading=\"lazy\" decoding=\"async\" width=\"813\" height=\"609\" src=\"https:\/\/grojecbezhal.com\/wp-content\/uploads\/2026\/01\/444.jpg\" alt=\"\" class=\"wp-image-373\" srcset=\"https:\/\/grojecbezhal.com\/wp-content\/uploads\/2026\/01\/444.jpg 813w, https:\/\/grojecbezhal.com\/wp-content\/uploads\/2026\/01\/444-300x225.jpg 300w, https:\/\/grojecbezhal.com\/wp-content\/uploads\/2026\/01\/444-768x575.jpg 768w\" sizes=\"(max-width: 813px) 100vw, 813px\" \/><\/a><\/figure>\n\n\n\n<p><a href=\"https:\/\/przelom.pl\/pl\/12_biznes-edukacja\/65967_duza-inwestycja-w-tle-dzieli-mieszkancow-gminy-alwernia-wideo.html\" target=\"_blank\" rel=\"noopener\" title=\"\">https:\/\/przelom.pl\/pl\/12_biznes-edukacja\/65967_duza-inwestycja-w-tle-dzieli-mieszkancow-gminy-alwernia-wideo.html<\/a><\/p>\n\n\n\n<figure class=\"wp-block-image size-full\"><a href=\"https:\/\/tenczyn.com\/w-obronie-naszego-dziedzictwa-pozostal-juz-tylko-gniewosz\" target=\"_blank\" rel=\"noreferrer noopener\"><img loading=\"lazy\" decoding=\"async\" width=\"831\" height=\"717\" src=\"https:\/\/grojecbezhal.com\/wp-content\/uploads\/2026\/01\/555.jpg\" alt=\"\" class=\"wp-image-374\" srcset=\"https:\/\/grojecbezhal.com\/wp-content\/uploads\/2026\/01\/555.jpg 831w, https:\/\/grojecbezhal.com\/wp-content\/uploads\/2026\/01\/555-300x259.jpg 300w, https:\/\/grojecbezhal.com\/wp-content\/uploads\/2026\/01\/555-768x663.jpg 768w\" sizes=\"(max-width: 831px) 100vw, 831px\" \/><\/a><\/figure>\n\n\n\n<p><a href=\"https:\/\/tenczyn.com\/w-obronie-naszego-dziedzictwa-pozostal-juz-tylko-gniewosz\" target=\"_blank\" rel=\"noopener\" title=\"\">https:\/\/tenczyn.com\/w-obronie-naszego-dziedzictwa-pozostal-juz-tylko-gniewosz<\/a><\/p>\n\n\n\n<figure class=\"wp-block-image size-full\"><a href=\"https:\/\/krakow.tvp.pl\/85840776\/27032025-1830\" target=\"_blank\" rel=\"noreferrer noopener\"><img loading=\"lazy\" decoding=\"async\" width=\"683\" height=\"580\" src=\"https:\/\/grojecbezhal.com\/wp-content\/uploads\/2025\/03\/28585528.png\" alt=\"\" class=\"wp-image-342\" srcset=\"https:\/\/grojecbezhal.com\/wp-content\/uploads\/2025\/03\/28585528.png 683w, https:\/\/grojecbezhal.com\/wp-content\/uploads\/2025\/03\/28585528-300x255.png 300w\" sizes=\"(max-width: 683px) 100vw, 683px\" \/><\/a><\/figure>\n\n\n\n<p><a href=\"https:\/\/krakow.tvp.pl\/85840776\/27032025-1830\" target=\"_blank\" rel=\"noopener\" title=\"\">https:\/\/krakow.tvp.pl\/85840776\/27032025-1830<\/a><\/p>\n\n\n\n<figure class=\"wp-block-image size-full\"><a href=\"https:\/\/przelom.pl\/pl\/12_biznes-edukacja\/57793_poslanka-lewicy-tchorzliwe-glosowanie-w-alwerni-wideo.html\" target=\"_blank\" rel=\"noreferrer noopener\"><img loading=\"lazy\" decoding=\"async\" width=\"787\" height=\"64\" src=\"https:\/\/grojecbezhal.com\/wp-content\/uploads\/2025\/03\/85852855.png\" alt=\"\" class=\"wp-image-343\" srcset=\"https:\/\/grojecbezhal.com\/wp-content\/uploads\/2025\/03\/85852855.png 787w, https:\/\/grojecbezhal.com\/wp-content\/uploads\/2025\/03\/85852855-300x24.png 300w, https:\/\/grojecbezhal.com\/wp-content\/uploads\/2025\/03\/85852855-768x62.png 768w\" sizes=\"(max-width: 787px) 100vw, 787px\" \/><\/a><\/figure>\n\n\n\n<p><a href=\"https:\/\/przelom.pl\/pl\/12_biznes-edukacja\/57793_poslanka-lewicy-tchorzliwe-glosowanie-w-alwerni-wideo.html\" target=\"_blank\" rel=\"noopener\" title=\"\">https:\/\/przelom.pl\/pl\/12_biznes-edukacja\/57793_poslanka-lewicy-tchorzliwe-glosowanie-w-alwerni-wideo.html<\/a><\/p>\n\n\n\n<figure class=\"wp-block-image size-full\"><img loading=\"lazy\" decoding=\"async\" width=\"680\" height=\"339\" src=\"https:\/\/grojecbezhal.com\/wp-content\/uploads\/2025\/03\/282828585.png\" alt=\"\" class=\"wp-image-331\" srcset=\"https:\/\/grojecbezhal.com\/wp-content\/uploads\/2025\/03\/282828585.png 680w, https:\/\/grojecbezhal.com\/wp-content\/uploads\/2025\/03\/282828585-300x150.png 300w\" sizes=\"(max-width: 680px) 100vw, 680px\" \/><\/figure>\n\n\n\n<figure class=\"wp-block-image size-full\"><a href=\"https:\/\/chrzanow.naszemiasto.pl\/mieszkancy-grojca-nie-chca-ubogacenia-trwa-spor-o-budowe-wielkiego-centrum-logistycznego-przy-autostradzie-a4\/ar\/c1p2-27376763\" target=\"_blank\" rel=\"noreferrer noopener\"><img loading=\"lazy\" decoding=\"async\" width=\"696\" height=\"701\" src=\"https:\/\/grojecbezhal.com\/wp-content\/uploads\/2025\/03\/875228572.png\" alt=\"\" class=\"wp-image-333\" srcset=\"https:\/\/grojecbezhal.com\/wp-content\/uploads\/2025\/03\/875228572.png 696w, https:\/\/grojecbezhal.com\/wp-content\/uploads\/2025\/03\/875228572-298x300.png 298w, https:\/\/grojecbezhal.com\/wp-content\/uploads\/2025\/03\/875228572-150x150.png 150w\" sizes=\"(max-width: 696px) 100vw, 696px\" \/><\/a><\/figure>\n\n\n\n<p><a href=\"https:\/\/chrzanow.naszemiasto.pl\/mieszkancy-grojca-nie-chca-ubogacenia-trwa-spor-o-budowe-wielkiego-centrum-logistycznego-przy-autostradzie-a4\/ar\/c1p2-27376763\" target=\"_blank\" rel=\"noopener\" title=\"\">https:\/\/chrzanow.naszemiasto.pl\/mieszkancy-grojca-nie-chca-ubogacenia-trwa-spor-o-budowe-wielkiego-centrum-logistycznego-przy-autostradzie-a4\/ar\/c1p2-27376763<\/a><\/p>\n\n\n\n<figure class=\"wp-block-image size-full\"><a href=\"https:\/\/krakow.wyborcza.pl\/krakow\/7,44425,31771090,zamiast-panoramy-zamku-gigantyczne-hale-magazynowe-pod-alwernia.html\" target=\"_blank\" rel=\"noreferrer noopener\"><img loading=\"lazy\" decoding=\"async\" width=\"677\" height=\"764\" src=\"https:\/\/grojecbezhal.com\/wp-content\/uploads\/2025\/03\/22852582.png\" alt=\"\" class=\"wp-image-332\" srcset=\"https:\/\/grojecbezhal.com\/wp-content\/uploads\/2025\/03\/22852582.png 677w, https:\/\/grojecbezhal.com\/wp-content\/uploads\/2025\/03\/22852582-266x300.png 266w\" sizes=\"(max-width: 677px) 100vw, 677px\" \/><\/a><\/figure>\n\n\n\n<p><a href=\"https:\/\/krakow.wyborcza.pl\/krakow\/7,44425,31771090,zamiast-panoramy-zamku-gigantyczne-hale-magazynowe-pod-alwernia.html\" target=\"_blank\" rel=\"noopener\" title=\"\">https:\/\/krakow.wyborcza.pl\/krakow\/7,44425,31771090,zamiast-panoramy-zamku-gigantyczne-hale-magazynowe-pod-alwernia.html<\/a><\/p>\n\n\n\n<figure class=\"wp-block-image size-full\"><img loading=\"lazy\" decoding=\"async\" width=\"833\" height=\"508\" src=\"https:\/\/grojecbezhal.com\/wp-content\/uploads\/2025\/03\/7272385285.png\" alt=\"\" class=\"wp-image-320\" srcset=\"https:\/\/grojecbezhal.com\/wp-content\/uploads\/2025\/03\/7272385285.png 833w, https:\/\/grojecbezhal.com\/wp-content\/uploads\/2025\/03\/7272385285-300x183.png 300w, https:\/\/grojecbezhal.com\/wp-content\/uploads\/2025\/03\/7272385285-768x468.png 768w\" sizes=\"(max-width: 833px) 100vw, 833px\" \/><\/figure>\n\n\n\n<p><strong>Pani pose\u0142 Daria Gosek-Popio\u0142ek<\/strong><\/p>\n\n\n\n<figure class=\"wp-block-image size-full\"><img loading=\"lazy\" decoding=\"async\" width=\"684\" height=\"477\" src=\"https:\/\/grojecbezhal.com\/wp-content\/uploads\/2025\/03\/72285528850.jpg\" alt=\"\" class=\"wp-image-325\" srcset=\"https:\/\/grojecbezhal.com\/wp-content\/uploads\/2025\/03\/72285528850.jpg 684w, https:\/\/grojecbezhal.com\/wp-content\/uploads\/2025\/03\/72285528850-300x209.jpg 300w\" sizes=\"(max-width: 684px) 100vw, 684px\" \/><\/figure>\n\n\n\n<figure class=\"wp-block-image size-full\"><img loading=\"lazy\" decoding=\"async\" width=\"683\" height=\"640\" src=\"https:\/\/grojecbezhal.com\/wp-content\/uploads\/2025\/03\/72285528860.jpg\" alt=\"\" class=\"wp-image-323\" srcset=\"https:\/\/grojecbezhal.com\/wp-content\/uploads\/2025\/03\/72285528860.jpg 683w, https:\/\/grojecbezhal.com\/wp-content\/uploads\/2025\/03\/72285528860-300x281.jpg 300w\" sizes=\"(max-width: 683px) 100vw, 683px\" \/><\/figure>\n\n\n\n<p><strong>Debata odwo\u0142ana<\/strong><\/p>\n\n\n\n<figure class=\"wp-block-image size-full\"><img loading=\"lazy\" decoding=\"async\" width=\"675\" height=\"796\" src=\"https:\/\/grojecbezhal.com\/wp-content\/uploads\/2025\/03\/258585282.png\" alt=\"\" class=\"wp-image-308\" srcset=\"https:\/\/grojecbezhal.com\/wp-content\/uploads\/2025\/03\/258585282.png 675w, https:\/\/grojecbezhal.com\/wp-content\/uploads\/2025\/03\/258585282-254x300.png 254w\" sizes=\"(max-width: 675px) 100vw, 675px\" \/><\/figure>\n\n\n\n<p><a href=\"https:\/\/przelom.pl\/pl\/729_samorzad-polityka-wybory\/56912_mieszkancy-oburzeni-w-urzedzie-miejskim-w-alwerni-wideo-zdjecia.html\" target=\"_blank\" rel=\"noopener\" title=\"\">https:\/\/przelom.pl\/pl\/729_samorzad-polityka-wybory\/56912_mieszkancy-oburzeni-w-urzedzie-miejskim-w-alwerni-wideo-zdjecia.html<\/a><\/p>\n\n\n\n<p><a href=\"https:\/\/gazetakrakowska.pl\/plan-budowy-wielkiej-strefy-inwestycyjnej-przy-a4-podzielil-mieszkancow-grojca-dla-jednych-to-uciazliwosci-dla-drugich-interes-zycia\/ar\/c1p2-27312423?fbclid=IwY2xjawI6I0NleHRuA2FlbQIxMAABHbOQnmQ9FLoq4wAmnIpuDc0kVx6FKbfxGQz8KVnjbAzIbkF1Fjmmx92Uzw_aem_rhpbjaFJL2GwS7O1N__DVQ\" target=\"_blank\" rel=\"noopener\" title=\"\">https:\/\/gazetakrakowska.pl\/plan-budowy-wielkiej-strefy-inwestycyjnej-przy-a4-podzielil-mieszkancow-grojca-dla-jednych-to-uciazliwosci-dla-drugich-interes-zycia\/ar\/c1p2-27312423?fbclid=IwY2xjawI6I0NleHRuA2FlbQIxMAABHbOQnmQ9FLoq4wAmnIpuDc0kVx6FKbfxGQz8KVnjbAzIbkF1Fjmmx92Uzw_aem_rhpbjaFJL2GwS7O1N__DVQ<\/a><\/p>\n\n\n\n<p><strong>Radio TOK FM<\/strong><\/p>\n\n\n\n<figure class=\"wp-block-image size-full\"><img loading=\"lazy\" decoding=\"async\" width=\"934\" height=\"515\" src=\"https:\/\/grojecbezhal.com\/wp-content\/uploads\/2025\/03\/858285285.png\" alt=\"\" class=\"wp-image-309\" srcset=\"https:\/\/grojecbezhal.com\/wp-content\/uploads\/2025\/03\/858285285.png 934w, https:\/\/grojecbezhal.com\/wp-content\/uploads\/2025\/03\/858285285-300x165.png 300w, https:\/\/grojecbezhal.com\/wp-content\/uploads\/2025\/03\/858285285-768x423.png 768w\" sizes=\"(max-width: 934px) 100vw, 934px\" \/><\/figure>\n\n\n\n<p><a href=\"https:\/\/audycje.tokfm.pl\/podcast\/171116,Beton-kontra-natura-walka-o-przyszlosc-Grojca-Czy-pod-inwestora-zmienia-sie-plan-zagospodarowania\" target=\"_blank\" rel=\"noopener\" title=\"\">https:\/\/audycje.tokfm.pl\/podcast\/171116,Beton-kontra-natura-walka-o-przyszlosc-Grojca-Czy-pod-inwestora-zmienia-sie-plan-zagospodarowania<\/a><\/p>\n\n\n\n<figure class=\"wp-block-embed is-type-video is-provider-youtube wp-block-embed-youtube wp-embed-aspect-16-9 wp-has-aspect-ratio\"><div class=\"wp-block-embed__wrapper\">\n<iframe loading=\"lazy\" title=\"G\u0142osy za i przeciw du\u017cej inwestycji w gminie Alwernia\" width=\"800\" height=\"450\" src=\"https:\/\/www.youtube.com\/embed\/FfGAQO8lXmY?feature=oembed\" frameborder=\"0\" allow=\"accelerometer; autoplay; clipboard-write; encrypted-media; gyroscope; picture-in-picture; web-share\" referrerpolicy=\"strict-origin-when-cross-origin\" allowfullscreen><\/iframe>\n<\/div><\/figure>\n\n\n\n<p><strong>\u0179r\u00f3d\u0142o: Portal Ziemi Chrzanowskiej PRZELOM.PL<\/strong><\/p>\n\n\n\n<figure class=\"wp-block-image size-full\"><img loading=\"lazy\" decoding=\"async\" width=\"981\" height=\"564\" src=\"https:\/\/grojecbezhal.com\/wp-content\/uploads\/2025\/03\/95288522.png\" alt=\"\" class=\"wp-image-313\" srcset=\"https:\/\/grojecbezhal.com\/wp-content\/uploads\/2025\/03\/95288522.png 981w, https:\/\/grojecbezhal.com\/wp-content\/uploads\/2025\/03\/95288522-300x172.png 300w, https:\/\/grojecbezhal.com\/wp-content\/uploads\/2025\/03\/95288522-768x442.png 768w\" sizes=\"(max-width: 981px) 100vw, 981px\" \/><\/figure>\n\n\n\n<p><strong>\u0179r\u00f3d\u0142o: Prze\u0142om &#8211; 28 list. 2024<\/strong><\/p>\n\n\n\n<h2 class=\"wp-block-heading\"><a href=\"https:\/\/gazetakrakowska.pl\/strefa-inwestycyjna-przy-a4-w-grojcu-dzieli-mieszkancow-czesc-protestuje-przeciwko-budowie-hal-zobacz-wideo\/ar\/c3-18238855\" target=\"_blank\" rel=\"noopener\" title=\"\">Gazeta Krakowska<\/a><\/h2>\n\n\n\n<figure class=\"wp-block-video\"><video controls src=\"https:\/\/grojecbezhal.com\/wp-content\/uploads\/2024\/01\/252511.mp4\"><\/video><\/figure>\n\n\n\n<p><a href=\"https:\/\/krakow.tvp.pl\/1277328\/kronika\" title=\"\">Kronika Krakowska TVP 3 Krakow<\/a><\/p>\n\n\n\n<h2 class=\"wp-block-heading\"><a href=\"https:\/\/www.radiokrakow.pl\/aktualnosci\/malopolskazachodnia\/nie-dla-hal-w-grojcu-protest-przeciwko-inwestycji-w-sasiedztwie-zamku-tenczyn\/\" target=\"_blank\" rel=\"noopener\" title=\"\">&#8220;Nie dla hal w Grojcu&#8221;. Protest przeciwko inwestycji w s\u0105siedztwie Zamku Tenczyn &#8211; Radio Krak\u00f3w<\/a><\/h2>\n\n\n\n<figure class=\"wp-block-image size-full\"><img loading=\"lazy\" decoding=\"async\" width=\"510\" height=\"870\" src=\"https:\/\/grojecbezhal.com\/wp-content\/uploads\/2023\/12\/552252.png\" alt=\"\" class=\"wp-image-266\" srcset=\"https:\/\/grojecbezhal.com\/wp-content\/uploads\/2023\/12\/552252.png 510w, https:\/\/grojecbezhal.com\/wp-content\/uploads\/2023\/12\/552252-176x300.png 176w, https:\/\/grojecbezhal.com\/wp-content\/uploads\/2023\/12\/552252-14x24.png 14w, https:\/\/grojecbezhal.com\/wp-content\/uploads\/2023\/12\/552252-21x36.png 21w, https:\/\/grojecbezhal.com\/wp-content\/uploads\/2023\/12\/552252-28x48.png 28w\" sizes=\"(max-width: 510px) 100vw, 510px\" \/><\/figure>\n\n\n\n<figure class=\"wp-block-image size-full\"><img loading=\"lazy\" decoding=\"async\" width=\"298\" height=\"652\" src=\"https:\/\/grojecbezhal.com\/wp-content\/uploads\/2023\/08\/111.png\" alt=\"\" class=\"wp-image-218\" srcset=\"https:\/\/grojecbezhal.com\/wp-content\/uploads\/2023\/08\/111.png 298w, https:\/\/grojecbezhal.com\/wp-content\/uploads\/2023\/08\/111-137x300.png 137w, https:\/\/grojecbezhal.com\/wp-content\/uploads\/2023\/08\/111-11x24.png 11w, https:\/\/grojecbezhal.com\/wp-content\/uploads\/2023\/08\/111-16x36.png 16w, https:\/\/grojecbezhal.com\/wp-content\/uploads\/2023\/08\/111-22x48.png 22w\" sizes=\"(max-width: 298px) 100vw, 298px\" \/><\/figure>\n\n\n\n<p>&#8211; \u0179r\u00f3d\u0142o Prze\u0142om<\/p>\n\n\n\n<figure class=\"wp-block-video alignleft\"><video controls src=\"https:\/\/grojecbezhal.com\/wp-content\/uploads\/2023\/07\/dx25.mp4\"><\/video><\/figure>\n\n\n\n<p><a href=\"https:\/\/regiony.tvp.pl\/12220577\/glos-regionow-interwencje\" target=\"_blank\" rel=\"noopener\" title=\"\">G\u0142os Region\u00f3w &#8211; Interwencje &#8211; TVP3<\/a><\/p>\n\n\n<div style=\"width: 800px;\" class=\"wp-video\"><!--[if lt IE 9]><script>document.createElement('video');<\/script><![endif]-->\n<video class=\"wp-video-shortcode\" id=\"video-41-1\" width=\"800\" height=\"450\" preload=\"metadata\" controls=\"controls\"><source type=\"video\/mp4\" src=\"https:\/\/grojecbezhal.com\/wp-content\/uploads\/2023\/05\/video-7-online-video-cutter.com_.mp4?_=1\" \/><a href=\"https:\/\/grojecbezhal.com\/wp-content\/uploads\/2023\/05\/video-7-online-video-cutter.com_.mp4\">https:\/\/grojecbezhal.com\/wp-content\/uploads\/2023\/05\/video-7-online-video-cutter.com_.mp4<\/a><\/video><\/div>\n<p><a href=\"https:\/\/krakow.tvp.pl\/70159711\/28052023-2230\" target=\"_blank\" rel=\"noopener\">-Kronika Krakowska TVP 3 Krakow<\/a><\/p>\n<p><a href=\"https:\/\/przelom.pl\/45703-w-grojcu-stanely-banery-protestacyjne.html\" target=\"_blank\" rel=\"noopener\">-Przelom<\/a><\/p>\n<p>-Przelom online<\/p>\n\n\n<figure class=\"wp-block-image size-large\"><img loading=\"lazy\" decoding=\"async\" width=\"641\" height=\"1024\" src=\"https:\/\/grojecbezhal.com\/wp-content\/uploads\/2023\/06\/5534-641x1024.jpg\" alt=\"\" class=\"wp-image-119\" srcset=\"https:\/\/grojecbezhal.com\/wp-content\/uploads\/2023\/06\/5534-641x1024.jpg 641w, https:\/\/grojecbezhal.com\/wp-content\/uploads\/2023\/06\/5534-188x300.jpg 188w, https:\/\/grojecbezhal.com\/wp-content\/uploads\/2023\/06\/5534-768x1227.jpg 768w, https:\/\/grojecbezhal.com\/wp-content\/uploads\/2023\/06\/5534.jpg 920w\" sizes=\"(max-width: 641px) 100vw, 641px\" \/><\/figure>\n","protected":false},"excerpt":{"rendered":"<p>https:\/\/przelom.pl\/pl\/11_wiadomosci\/69392_wielka-strefa-inwestycyjna-w-grojcu-przeglosowana-protest-mieszkancow-trwa.html https:\/\/gazetakrakowska.pl\/decyzja-zapadla-gigantyczne-centrum-logistyczne-moze-powstac-przy-autostradzie-a4\/ar\/c3p2-28765579 https:\/\/www.radiokrakow.pl\/aktualnosci\/krakow\/gniewosz-plamisty-pomoze-zablokowac-inwestycje-kolo-alwerni-licza-na-to-mieszkancy-grojca https:\/\/krakow.tvp.pl\/90337192\/protest-w-grojcu-mieszkancy-nie-chca-centrum-logistycznego-w-gminie-alwernia https:\/\/chrzanow.naszemiasto.pl\/gigantyczne-centrum-logistyczne-powstanie-przy-autostradzie-a4-weze-moga-zatrzymac-wielka-inwestycje-mieszkancy-bija-na-alarm\/ar\/c1p2-28231993 https:\/\/przelom.pl\/pl\/12_biznes-edukacja\/65967_duza-inwestycja-w-tle-dzieli-mieszkancow-gminy-alwernia-wideo.html https:\/\/tenczyn.com\/w-obronie-naszego-dziedzictwa-pozostal-juz-tylko-gniewosz https:\/\/krakow.tvp.pl\/85840776\/27032025-1830 https:\/\/przelom.pl\/pl\/12_biznes-edukacja\/57793_poslanka-lewicy-tchorzliwe-glosowanie-w-alwerni-wideo.html https:\/\/chrzanow.naszemiasto.pl\/mieszkancy-grojca-nie-chca-ubogacenia-trwa-spor-o-budowe-wielkiego-centrum-logistycznego-przy-autostradzie-a4\/ar\/c1p2-27376763 https:\/\/krakow.wyborcza.pl\/krakow\/7,44425,31771090,zamiast-panoramy-zamku-gigantyczne-hale-magazynowe-pod-alwernia.html Pani pose\u0142 Daria Gosek-Popio\u0142ek Debata odwo\u0142ana https:\/\/przelom.pl\/pl\/729_samorzad-polityka-wybory\/56912_mieszkancy-oburzeni-w-urzedzie-miejskim-w-alwerni-wideo-zdjecia.html https:\/\/gazetakrakowska.pl\/plan-budowy-wielkiej-strefy-inwestycyjnej-przy-a4-podzielil-mieszkancow-grojca-dla-jednych-to-uciazliwosci-dla-drugich-interes-zycia\/ar\/c1p2-27312423?fbclid=IwY2xjawI6I0NleHRuA2FlbQIxMAABHbOQnmQ9FLoq4wAmnIpuDc0kVx6FKbfxGQz8KVnjbAzIbkF1Fjmmx92Uzw_aem_rhpbjaFJL2GwS7O1N__DVQ Radio TOK FM https:\/\/audycje.tokfm.pl\/podcast\/171116,Beton-kontra-natura-walka-o-przyszlosc-Grojca-Czy-pod-inwestora-zmienia-sie-plan-zagospodarowania \u0179r\u00f3d\u0142o: Portal Ziemi Chrzanowskiej PRZELOM.PL \u0179r\u00f3d\u0142o: Prze\u0142om &#8211; 28 list. 2024 Gazeta Krakowska Kronika Krakowska TVP 3 Krakow &#8220;Nie dla hal w Grojcu&#8221;. Protest przeciwko inwestycji w s\u0105siedztwie Zamku Tenczyn &#8211; Radio Krak\u00f3w &#8211; \u0179r\u00f3d\u0142o Prze\u0142om G\u0142os Region\u00f3w &#8211; Interwencje &#8211; TVP3 -Kronika Krakowska TVP 3 Krakow -Przelom -Przelom online<\/p>\n","protected":false},"author":1,"featured_media":0,"parent":0,"menu_order":0,"comment_status":"closed","ping_status":"closed","template":"","meta":{"footnotes":""},"aioseo_notices":[],"_links":{"self":[{"href":"https:\/\/grojecbezhal.com\/index.php\/wp-json\/wp\/v2\/pages\/41"}],"collection":[{"href":"https:\/\/grojecbezhal.com\/index.php\/wp-json\/wp\/v2\/pages"}],"about":[{"href":"https:\/\/grojecbezhal.com\/index.php\/wp-json\/wp\/v2\/types\/page"}],"author":[{"embeddable":true,"href":"https:\/\/grojecbezhal.com\/index.php\/wp-json\/wp\/v2\/users\/1"}],"replies":[{"embeddable":true,"href":"https:\/\/grojecbezhal.com\/index.php\/wp-json\/wp\/v2\/comments?post=41"}],"version-history":[{"count":51,"href":"https:\/\/grojecbezhal.com\/index.php\/wp-json\/wp\/v2\/pages\/41\/revisions"}],"predecessor-version":[{"id":404,"href":"https:\/\/grojecbezhal.com\/index.php\/wp-json\/wp\/v2\/pages\/41\/revisions\/404"}],"wp:attachment":[{"href":"https:\/\/grojecbezhal.com\/index.php\/wp-json\/wp\/v2\/media?parent=41"}],"curies":[{"name":"wp","href":"https:\/\/api.w.org\/{rel}","templated":true}]}}