{"id":17,"date":"2023-04-24T20:06:48","date_gmt":"2023-04-24T20:06:48","guid":{"rendered":"https:\/\/grojecbezhal.com\/?page_id=17"},"modified":"2025-03-09T07:56:58","modified_gmt":"2025-03-09T07:56:58","slug":"strona-glowna","status":"publish","type":"page","link":"https:\/\/grojecbezhal.com\/","title":{"rendered":"Strona g\u0142\u00f3wna"},"content":{"rendered":"\n<h2 class=\"wp-block-heading\">Strona protestu przeciwko budowie hal o pow. ponad 22 ha w Grojcu<\/h2>\n\n\n\n<figure class=\"wp-block-image size-large\"><img loading=\"lazy\" decoding=\"async\" width=\"1024\" height=\"572\" src=\"https:\/\/grojecbezhal.com\/wp-content\/uploads\/2024\/11\/255511551-1024x572.jpg\" alt=\"\" class=\"wp-image-291\" srcset=\"https:\/\/grojecbezhal.com\/wp-content\/uploads\/2024\/11\/255511551-1024x572.jpg 1024w, https:\/\/grojecbezhal.com\/wp-content\/uploads\/2024\/11\/255511551-300x167.jpg 300w, https:\/\/grojecbezhal.com\/wp-content\/uploads\/2024\/11\/255511551-768x429.jpg 768w, https:\/\/grojecbezhal.com\/wp-content\/uploads\/2024\/11\/255511551-1536x857.jpg 1536w, https:\/\/grojecbezhal.com\/wp-content\/uploads\/2024\/11\/255511551-2048x1143.jpg 2048w\" sizes=\"(max-width: 1024px) 100vw, 1024px\" \/><\/figure>\n\n\n<p align=\"justify\"><span style=\"font-family: Times New Roman, serif;\"><span style=\"font-size: large;\">I sta\u0142o si\u0119. Wiadomo by\u0142o \u017ce tylko kwesti\u0105 czasu b\u0119dzie kolejny pomys\u0142 Burmistrz Alwerni maj\u0105cy uszcz\u0119\u015bliwi\u0107 mieszka\u0144c\u00f3w Grojca a zarazem zrobi\u0107 dobrze gminie.<\/span><\/span><\/p>\n<p align=\"justify\"><span style=\"font-family: Times New Roman, serif;\"><span style=\"font-size: large;\">Po pomy\u015ble sprzed dw\u00f3ch lat, na sesji rady miejskiej pojawia si\u0119 firma z Warszawy, z kapita\u0142em zak\u0142adowym 5000 PLN ( sp. z.o.o.), kt\u00f3ra proponuje budow\u0119 na terenie Grojca centrum logistycznego w postaci trzech pot\u0119\u017cnych hal , nie wykluczaj\u0105c ma\u0142ej produkcji , cokolwiek by to mia\u0142o oznacza\u0107. Pomys\u0142 dzieli mieszka\u0144c\u00f3w wsi , jako \u017ce cz\u0119\u015b\u0107 z nich jest \u017cywo zainteresowana sprzeda\u017c\u0105 dzia\u0142ek na planowanym obszarze, natomiast cze\u015b\u0107 mieszka\u0144c\u00f3w ,zw\u0142aszcza przy ulicy P\u0105\u0144skiej,jest zdecydowanie przeciwna , przede wszystkim skali inwestycji i wynikaj\u0105cych z tego uci\u0105\u017cliwo\u015bciom.<\/span><\/span><\/p>\n<p align=\"justify\"><span style=\"font-family: Times New Roman, serif;\"><span style=\"font-size: large;\">Na pierwszym spotkaniu z mieszka\u0144cami wsi , przedstawiciele inwestora nie byli w stanie odpowiedzie\u0107 na \u017cadne merytoryczne pytanie mieszka\u0144c\u00f3w zaniepokojonych negatywnymi skutkami funkcjonowania centrum logistycznego ( ha\u0142as , zanieczyszczenie \u015brodowiska , zwi\u0119kszony ruch samochod\u00f3w, w tym tir\u00f3w przy braku infrastruktury drogowej itp.) Obiecywali oddzielenie strefy buforem kt\u00f3ry mia\u0142by ograniczy\u0107 negatywne skutki \u2013 dzi\u015b ju\u017c takiej potrzeby nie widz\u0105. Zdumiewaj\u0105ce jest tempo dzia\u0142a\u0144 inwestora, kt\u00f3ry uzyskuj\u0105c w radzie miejskiej wsparcie wi\u0119kszo\u015bci radnych, przeforsowa\u0142 uchwa\u0142\u0119 w sprawie zmiany studium zagospodarowania , w sytuacji kiedy od kilku lat na rozpatrzenie oczekuje kilkadziesi\u0105t wniosk\u00f3w mieszka\u0144c\u00f3w w podobnej sprawie. O dziwo, kiedy ci sami radni m\u00f3wi\u0105 z trosk\u0105 o konieczno\u015bci zwi\u0119kszenia dochod\u00f3w gminy ,nie s\u0105 zainteresowani obj\u0119ciem ca\u0142ego obszaru gminy powy\u017cszymi zmianami. <\/span><\/span><\/p>\n<p align=\"justify\"><span style=\"font-family: Times New Roman, serif;\"><span style=\"font-size: large;\">Mo\u017cna wzi\u0105\u0107 przyk\u0142ad z s\u0105siedniej gminy Babice kt\u00f3ra najpierw wybudowa\u0142a obwodnic\u0119 miejscowo\u015bci (w odpowiedniej odleg\u0142o\u015bci od zabudowa\u0144) , a potem (nie maj\u0105c po\u0142\u0105czenia z autostrad\u0105 A -4) stworzy\u0142a stref\u0119 przemys\u0142ow\u0105. Ten przyk\u0142ad pokazuje , \u017ce mo\u017cna wykorzysta\u0107 ca\u0142e po\u0142acie r\u00f3wninnych teren\u00f3w (kilkaset hektar\u00f3w z dala od siedzib ludzkich ) le\u017c\u0105cych po obu stronach drodze krajowej DK 780 (odcinki od Alwerni do Kwacza\u0142y oraz od Kwacza\u0142y do Babic). Mo\u017cna wsp\u00f3lnie z gmin\u0105 Babice lobbowa\u0107 za wariantem \u0142\u0105cznika mi\u0119dzy DK 780 a autostrad\u0105 A-4 przedstawionym przez grup\u0119 radnych w 2021 roku, na pro\u015bb\u0119 burmistrz Alwerni. To rozwi\u0105zanie komunikacyjne pozwoli\u0142oby na wykorzystanie kilkudziesi\u0119ciu hektar\u00f3w <\/span><\/span><span style=\"font-family: Times New Roman, serif;\"><span style=\"font-size: large;\">wzd\u0142u\u017c autostrady A- 4 mi\u0119dzy miejscowo\u015bciami Nieporaz \u2013 Bol\u0119cin z najmniejsz\u0105 uci\u0105\u017cliwo\u015bci\u0105 dla wszystkich mieszka\u0144c\u00f3w gminy.<\/span><\/span><\/p>\n<p align=\"justify\"><span style=\"font-family: Times New Roman, serif;\"><span style=\"font-size: large;\">Ruszaj\u0105 prace nad zmian\u0105 studium i nie pozostaje nam nic innego jak pilne \u015bledzenie ca\u0142ego procesu i zg\u0142aszanie naszych uwag do planowanych zmian , sformalizowanie dzia\u0142a\u0144 naszej grupy oraz szukanie sojusznik\u00f3w w naszych dzia\u0142aniach.<\/span><\/span><\/p>","protected":false},"excerpt":{"rendered":"<p>Strona protestu przeciwko budowie hal o pow. ponad 22 ha w Grojcu I sta\u0142o si\u0119. Wiadomo by\u0142o \u017ce tylko kwesti\u0105 czasu b\u0119dzie kolejny pomys\u0142 Burmistrz Alwerni maj\u0105cy uszcz\u0119\u015bliwi\u0107 mieszka\u0144c\u00f3w Grojca a zarazem zrobi\u0107 dobrze gminie. Po pomy\u015ble sprzed dw\u00f3ch lat, na sesji rady miejskiej pojawia si\u0119 firma z Warszawy, z kapita\u0142em zak\u0142adowym 5000 PLN ( sp. z.o.o.), kt\u00f3ra proponuje budow\u0119 na terenie Grojca centrum logistycznego w postaci trzech pot\u0119\u017cnych hal , nie wykluczaj\u0105c ma\u0142ej produkcji , cokolwiek by to mia\u0142o oznacza\u0107. Pomys\u0142 dzieli mieszka\u0144c\u00f3w wsi , jako \u017ce cz\u0119\u015b\u0107 z nich jest \u017cywo zainteresowana sprzeda\u017c\u0105 dzia\u0142ek na planowanym obszarze, natomiast cze\u015b\u0107 mieszka\u0144c\u00f3w ,zw\u0142aszcza przy ulicy P\u0105\u0144skiej,jest zdecydowanie przeciwna , przede wszystkim skali inwestycji i wynikaj\u0105cych z tego uci\u0105\u017cliwo\u015bciom. Na pierwszym spotkaniu z mieszka\u0144cami wsi , przedstawiciele inwestora nie byli w stanie odpowiedzie\u0107 na \u017cadne merytoryczne pytanie mieszka\u0144c\u00f3w zaniepokojonych negatywnymi skutkami funkcjonowania centrum logistycznego ( ha\u0142as , zanieczyszczenie \u015brodowiska , zwi\u0119kszony&hellip;<\/p>\n<p> <a class=\"more-link\" href=\"https:\/\/grojecbezhal.com\/\">Read more<\/a><\/p>\n","protected":false},"author":1,"featured_media":0,"parent":0,"menu_order":0,"comment_status":"closed","ping_status":"closed","template":"","meta":{"footnotes":""},"aioseo_notices":[],"_links":{"self":[{"href":"https:\/\/grojecbezhal.com\/index.php\/wp-json\/wp\/v2\/pages\/17"}],"collection":[{"href":"https:\/\/grojecbezhal.com\/index.php\/wp-json\/wp\/v2\/pages"}],"about":[{"href":"https:\/\/grojecbezhal.com\/index.php\/wp-json\/wp\/v2\/types\/page"}],"author":[{"embeddable":true,"href":"https:\/\/grojecbezhal.com\/index.php\/wp-json\/wp\/v2\/users\/1"}],"replies":[{"embeddable":true,"href":"https:\/\/grojecbezhal.com\/index.php\/wp-json\/wp\/v2\/comments?post=17"}],"version-history":[{"count":11,"href":"https:\/\/grojecbezhal.com\/index.php\/wp-json\/wp\/v2\/pages\/17\/revisions"}],"predecessor-version":[{"id":302,"href":"https:\/\/grojecbezhal.com\/index.php\/wp-json\/wp\/v2\/pages\/17\/revisions\/302"}],"wp:attachment":[{"href":"https:\/\/grojecbezhal.com\/index.php\/wp-json\/wp\/v2\/media?parent=17"}],"curies":[{"name":"wp","href":"https:\/\/api.w.org\/{rel}","templated":true}]}}